{"id":15459,"date":"2022-05-13T12:19:09","date_gmt":"2022-05-13T10:19:09","guid":{"rendered":"https:\/\/orasivegetale.com\/recetas\/"},"modified":"2026-03-30T23:59:10","modified_gmt":"2026-03-30T21:59:10","slug":"recetas","status":"publish","type":"page","link":"https:\/\/orasivegetale.com\/latam\/recetas\/","title":{"rendered":"Recetas"},"content":{"rendered":"<p>Tenemos los ingredientes, tambi\u00e9n las habilidades de chef&#8230; \u00a1ahora s\u00f3lo tienes que sacar a relucir tu fantas\u00eda!<br \/>\nPero si quieres un poco de inspiraci\u00f3n, aqu\u00ed encontrar\u00e1s alguna receta f\u00e1cil y sabrosa para que la prepares con nosotros.<\/p>\n","protected":false},"excerpt":{"rendered":"<p>Tenemos los ingredientes, tambi\u00e9n las habilidades de chef&#8230; \u00a1ahora s\u00f3lo tienes que sacar a relucir tu fantas\u00eda! Pero si quieres un poco de inspiraci\u00f3n, aqu\u00ed encontrar\u00e1s alguna receta f\u00e1cil y sabrosa para que la prepares con nosotros.<\/p>\n","protected":false},"author":2,"featured_media":0,"parent":0,"menu_order":0,"comment_status":"closed","ping_status":"closed","template":"templates\/recipes.php","meta":{"_acf_changed":false,"footnotes":""},"class_list":["post-15459","page","type-page","status-publish","hentry"],"acf":[],"_links":{"self":[{"href":"https:\/\/orasivegetale.com\/latam\/wp-json\/wp\/v2\/pages\/15459","targetHints":{"allow":["GET"]}}],"collection":[{"href":"https:\/\/orasivegetale.com\/latam\/wp-json\/wp\/v2\/pages"}],"about":[{"href":"https:\/\/orasivegetale.com\/latam\/wp-json\/wp\/v2\/types\/page"}],"author":[{"embeddable":true,"href":"https:\/\/orasivegetale.com\/latam\/wp-json\/wp\/v2\/users\/2"}],"replies":[{"embeddable":true,"href":"https:\/\/orasivegetale.com\/latam\/wp-json\/wp\/v2\/comments?post=15459"}],"version-history":[{"count":1,"href":"https:\/\/orasivegetale.com\/latam\/wp-json\/wp\/v2\/pages\/15459\/revisions"}],"predecessor-version":[{"id":26849,"href":"https:\/\/orasivegetale.com\/latam\/wp-json\/wp\/v2\/pages\/15459\/revisions\/26849"}],"wp:attachment":[{"href":"https:\/\/orasivegetale.com\/latam\/wp-json\/wp\/v2\/media?parent=15459"}],"curies":[{"name":"wp","href":"https:\/\/api.w.org\/{rel}","templated":true}]}}