{"id":6377,"date":"2022-05-13T12:19:09","date_gmt":"2022-05-13T10:19:09","guid":{"rendered":"https:\/\/orasivegetale.com\/ricette\/"},"modified":"2024-06-19T15:14:41","modified_gmt":"2024-06-19T13:14:41","slug":"przepisy","status":"publish","type":"page","link":"https:\/\/orasivegetale.com\/pl\/przepisy\/","title":{"rendered":"Przepisy"},"content":{"rendered":"<p>Mamy sk\u0142adniki i umiej\u0119tno\u015bci szefa kuchni, a wi\u0119c&#8230;. teraz wystarczy pu\u015bci\u0107 wodze wyobra\u017ani!<br \/>\nJe\u015bli szukasz inspiracji, to tutaj znajdziesz \u0142atwe i smaczne przepisy, kt\u00f3re mo\u017cesz przygotowa\u0107 razem z nami.<\/p>\n","protected":false},"excerpt":{"rendered":"<p>Mamy sk\u0142adniki i umiej\u0119tno\u015bci szefa kuchni, a wi\u0119c&#8230;. teraz wystarczy pu\u015bci\u0107 wodze wyobra\u017ani! Je\u015bli szukasz inspiracji, to tutaj znajdziesz \u0142atwe i smaczne przepisy, kt\u00f3re mo\u017cesz przygotowa\u0107 razem z nami.<\/p>\n","protected":false},"author":2,"featured_media":0,"parent":0,"menu_order":0,"comment_status":"closed","ping_status":"closed","template":"templates\/recipes.php","meta":{"_acf_changed":false,"footnotes":""},"class_list":["post-6377","page","type-page","status-publish","hentry"],"acf":[],"_links":{"self":[{"href":"https:\/\/orasivegetale.com\/pl\/wp-json\/wp\/v2\/pages\/6377","targetHints":{"allow":["GET"]}}],"collection":[{"href":"https:\/\/orasivegetale.com\/pl\/wp-json\/wp\/v2\/pages"}],"about":[{"href":"https:\/\/orasivegetale.com\/pl\/wp-json\/wp\/v2\/types\/page"}],"author":[{"embeddable":true,"href":"https:\/\/orasivegetale.com\/pl\/wp-json\/wp\/v2\/users\/2"}],"replies":[{"embeddable":true,"href":"https:\/\/orasivegetale.com\/pl\/wp-json\/wp\/v2\/comments?post=6377"}],"version-history":[{"count":5,"href":"https:\/\/orasivegetale.com\/pl\/wp-json\/wp\/v2\/pages\/6377\/revisions"}],"predecessor-version":[{"id":10891,"href":"https:\/\/orasivegetale.com\/pl\/wp-json\/wp\/v2\/pages\/6377\/revisions\/10891"}],"wp:attachment":[{"href":"https:\/\/orasivegetale.com\/pl\/wp-json\/wp\/v2\/media?parent=6377"}],"curies":[{"name":"wp","href":"https:\/\/api.w.org\/{rel}","templated":true}]}}