{"id":6379,"date":"2022-06-09T17:18:51","date_gmt":"2022-06-09T15:18:51","guid":{"rendered":"https:\/\/orasivegetale.com\/polityka-cookie\/"},"modified":"2023-05-10T10:27:02","modified_gmt":"2023-05-10T08:27:02","slug":"polityka-cookie","status":"publish","type":"page","link":"https:\/\/orasivegetale.com\/pl\/polityka-cookie\/","title":{"rendered":"Polityka Cookie"},"content":{"rendered":"<div id=\"iub-pp-container\">\n<div id=\"iubenda_policy\" class=\"iubenda_fluid_policy iubenda_embed_policy \">\n<div id=\"wbars_all\">\n<div class=\"iub_container iub_base_container\">\n<div id=\"wbars\">\n<div class=\"iub_content legal_pp\">\n<h2>\n  Polityka Cookie na stronie orasivegetale.it<br \/>\n<\/h2>\n<p>\n  Ten dokument informuje u\u017cytkownik\u00f3w o technologiach, kt\u00f3re pomagaj\u0105 tej stronie internetowej osi\u0105gn\u0105\u0107 cele opisane poni\u017cej. Takie technologie pozwalaj\u0105 w\u0142a\u015bcicielowi uzyska\u0107 dost\u0119p do informacji (na przyk\u0142ad, u\u017cywaj\u0105c pliku cookie) lub korzysta\u0107 z zasob\u00f3w (na przyk\u0142ad, uruchamiaj\u0105c skrypt) na urz\u0105dzeniu u\u017cytkownika podczas korzystania z tej strony internetowej.\n<\/p>\n<p>\n  Dla uproszczenia, wszystkie takie technologie s\u0105 okre\u015blane jako &#8222;Trackery&#8221; w tym dokumencie \u2013 chyba \u017ce istnieje pow\u00f3d do rozr\u00f3\u017cnienia.<br \/>\n  Na przyk\u0142ad, chocia\u017c pliki cookie mo\u017cna u\u017cywa\u0107 zar\u00f3wno na komputerach, jak i urz\u0105dzeniach mobilnych, nie by\u0142oby w\u0142a\u015bciwe m\u00f3wienie o plikach cookie w kontek\u015bcie aplikacji mobilnych, poniewa\u017c s\u0105 one oparte na przegl\u0105darce. Z tego powodu, w tym dokumencie termin &#8222;pliki cookie&#8221; u\u017cywany jest tylko tam, gdzie odnosi si\u0119 konkretnie do tego rodzaju trackera.\n<\/p>\n<p>Niekt\u00f3re z cel\u00f3w, dla kt\u00f3rych u\u017cywane s\u0105 Trackery, mog\u0105 r\u00f3wnie\u017c wymaga\u0107 zgody u\u017cytkownika. Kiedy zgoda jest udzielona, mo\u017cna j\u0105 w ka\u017cdej chwili wycofa\u0107, stosuj\u0105c si\u0119 do instrukcji zawartych w tym dokumencie.<\/p>\n<p>Ta strona internetowa u\u017cywa Tracker\u00f3w zarz\u0105dzanych bezpo\u015brednio przez w\u0142a\u015bciciela (tzw. &#8222;pierwszej strony&#8221; Tracker\u00f3w) oraz Tracker\u00f3w umo\u017cliwiaj\u0105cych korzystanie z us\u0142ug \u015bwiadczonych przez osoby trzecie (tzw. &#8222;trzeciej strony&#8221; Tracker\u00f3w). O ile nie zaznaczono inaczej w tym dokumencie, dostawcy zewn\u0119trzni mog\u0105 mie\u0107 dost\u0119p do Tracker\u00f3w przez nich zarz\u0105dzanych.<br \/>\nWa\u017cno\u015b\u0107 i okres wyga\u015bni\u0119cia plik\u00f3w cookie oraz innych podobnych Tracker\u00f3w mo\u017ce r\u00f3\u017cni\u0107 si\u0119 w zale\u017cno\u015bci od czasu ich trwania ustalonego przez w\u0142a\u015bciciela lub odpowiedniego dostawc\u0119. Niekt\u00f3re z nich wygasaj\u0105 po zako\u0144czeniu sesji przegl\u0105dania przez u\u017cytkownika.<br \/>\nOpr\u00f3cz informacji okre\u015blonych w opisach poszczeg\u00f3lnych kategorii poni\u017cej, u\u017cytkownicy mog\u0105 znale\u017a\u0107 dok\u0142adniejsze i aktualizowane informacje dotycz\u0105ce specyfikacji czasu trwania, jak r\u00f3wnie\u017c wszelkie inne istotne informacje \u2013 takie jak obecno\u015b\u0107 innych Tracker\u00f3w &#8211; w powi\u0105z anych politykach prywatno\u015bci poszczeg\u00f3lnych dostawc\u00f3w zewn\u0119trznych lub kontaktuj\u0105c si\u0119 z w\u0142a\u015bcicielem.<\/p>\n<h3 class=\"iub-purpose-stack iub-purpose-stack-1\">\n    Dzia\u0142ania niezb\u0119dne do funkcjonowania tej strony internetowej i \u015bwiadczenia us\u0142ugi<br \/>\n  <\/h3>\n<p>Ta strona internetowa u\u017cywa tzw. &#8222;technicznych&#8221; plik\u00f3w cookie i innych podobnych Tracker\u00f3w do realizacji dzia\u0142a\u0144, kt\u00f3re s\u0105 \u015bci\u015ble niezb\u0119dne dla funkcjonowania lub \u015bwiadczenia us\u0142ugi.<\/p>\n<h3 class=\"iub-subheading iub-subheading-other-purposes\">\n      Inne dzia\u0142ania zwi\u0105zane z korzystaniem z Tracker\u00f3w<br \/>\n    <\/h3>\n<h4>Wzmacnianie do\u015bwiadcze\u0144<\/h4>\n<p>Ta strona internetowa u\u017cywa Tracker\u00f3w w celu zapewnienia spersonalizowanego do\u015bwiadczenia u\u017cytkownika poprzez popraw\u0119 jako\u015bci zarz\u0105dzania preferencjami oraz umo\u017cliwienie interakcji z zewn\u0119trznymi sieciami i platformami.<\/p>\n<h3 class=\"iub-purpose iub-purpose-10328679\">\n  Wy\u015bwietlanie tre\u015bci z zewn\u0119trznych platform<br \/>\n  <\/h3>\n<p>Tego rodzaju us\u0142uga pozwala na wy\u015bwietlanie zawarto\u015bci hostowanych na zewn\u0119trznych platformach bezpo\u015brednio na stronach tej strony internetowej i interakcj\u0119 z nimi.<br \/>\n  Ten rodzaj us\u0142ugi mo\u017ce nadal zbiera\u0107 dane o ruchu sieciowym dla stron, na kt\u00f3rych zainstalowana jest us\u0142uga, nawet gdy u\u017cytkownicy jej nie u\u017cywaj\u0105.<\/p>\n<h4 class=\"iub-service iub-service-8772861\">\n    Google Fonts (Google Ireland Limited)<br \/>\n  <\/h4>\n<p>Google Fonts to us\u0142uga wizualizacji czcionek dostarczana przez Google Ireland Limited, kt\u00f3ra pozwala tej stronie internetowej na w\u0142\u0105czanie tego rodzaju tre\u015bci na swoich stronach.<\/p>\n<p>Przetwarzane dane osobowe: Trackery i dane u\u017cytkowania.<\/p>\n<p>Miejsce przetwarzania:  Irlandia \u2013  <a href=\"https:\/\/policies.google.com\/privacy\" target=\"_blank\" rel=\"noopener noreferrer nofollow\">Polityka prywatno\u015bci<\/a>. <\/p>\n<h4>Pomiar<\/h4>\n<p>Ta strona internetowa u\u017cywa \u015bledzenia w celu pomiaru ruchu i analizowania zachowa\u0144 u\u017cytkownik\u00f3w, maj\u0105c na celu usprawnienie us\u0142ugi.<\/p>\n<h3 class=\"iub-purpose iub-purpose-10328676\">\nAnalityka<\/p>\n<\/h3>\n<p>Us\u0142ugi zawarte w tej sekcji umo\u017cliwiaj\u0105 w\u0142a\u015bcicielowi monitorowanie i analizowanie ruchu sieciowego oraz mog\u0105 by\u0107 wykorzystywane do \u015bledzenia zachowa\u0144 u\u017cytkownik\u00f3w.<\/p>\n<h4 class=\"iub-service iub-service-8772858\">\n    Google Analytics (Google Ireland Limited)<br \/>\n  <\/h4>\n<p>Google Analytics to us\u0142uga analizy sieciowej dostarczana przez Google Ireland Limited (&#8222;Google&#8221;). Google wykorzystuje zebrane dane, aby \u015bledzi\u0107 i analizowa\u0107 korzystanie z tej strony internetowej, sporz\u0105dza\u0107 raporty na jej temat i udost\u0119pnia\u0107 je innym us\u0142ugom Google.<br \/>\nGoogle mo\u017ce u\u017cywa\u0107 zebranych danych do kontekstualizacji i personalizacji reklam w\u0142asnej sieci reklamowej.<\/p>\n<p>Przetwarzane dane osobowe: Trackery i dane u\u017cytkowania.<\/p>\n<p>Miejsce przetwarzania:  Irlandia \u2013  <a href=\"https:\/\/policies.google.com\/privacy\" target=\"_blank\" rel=\"noopener noreferrer nofollow\">Polityka prywatno\u015bci<\/a> \u2013 <a href=\"https:\/\/tools.google.com\/dlpage\/gaoptout?hl=en\" onclick=\"javascript:return tryFunc(&#039;tryGaOptOut&#039;,{href:&#039;https:\/\/tools.google.com\/dlpage\/gaoptout?hl=en&#039;})\" target=\"_blank\" rel=\"noopener nofollow\">Odm\u00f3w<\/a>. <\/p>\n<p> Czas przechowywania:  <\/p>\n<ul>\n<li>AMP_TOKEN: 1 godzina<\/li>\n<li>_ga: 2 lata<\/li>\n<li>_gac*: 3 miesi\u0105ce<\/li>\n<li>_gat: 1 minuta<\/li>\n<li>_gid: 1 dzie\u0144<\/li>\n<\/ul>\n<h3 class=\"iub-purpose iub-purpose-\">\n  Us\u0142ugi analityki zanonimizowane<br \/>\n<\/h3>\n<p>Us\u0142ugi zawarte w tej sekcji pozwalaj\u0105 W\u0142a\u015bcicielowi, za pomoc\u0105 \u015bledzenia stron trzecich, zbiera\u0107 i zarz\u0105dza\u0107 analityk\u0105 w formie zanonimizowanej.<\/p>\n<h4 class=\"iub-service iub-service-8772859\">\n    Google Analytics z zanonimizowanym adresem IP (Google Ireland Limited)<br \/>\n  <\/h4>\n<p>Google Analytics to us\u0142uga analizy sieciowej dostarczana przez Google Ireland Limited (&#8222;Google&#8221;). Google wykorzystuje zebrane dane, aby \u015bledzi\u0107 i analizowa\u0107 korzystanie z tej strony internetowej, sporz\u0105dza\u0107 raporty na jej temat i udost\u0119pnia\u0107 je innym us\u0142ugom Google.<br \/>\nGoogle mo\u017ce u\u017cywa\u0107 zebranych danych do kontekstualizacji i personalizacji reklam w\u0142asnej sieci reklam owej.<br \/>\nTa integracja Google Analytics anonimizuje Tw\u00f3j adres IP. Dzia\u0142a przez skracanie adres\u00f3w IP u\u017cytkownik\u00f3w w pa\u0144stwach cz\u0142onkowskich Unii Europejskiej lub w innych pa\u0144stwach b\u0119d\u0105cych stronami Porozumienia o Europejskim Obszarze Gospodarczym. Tylko w wyj\u0105tkowych przypadkach pe\u0142ny adres IP zostanie przes\u0142any do serwera Google i skr\u00f3cony na terenie USA.<\/p>\n<p>Przetwarzane dane osobowe: Trackery i dane u\u017cytkowania.<\/p>\n<p>Miejsce przetwarzania:  Irlandia \u2013  <a href=\"https:\/\/policies.google.com\/privacy\" target=\"_blank\" rel=\"noopener noreferrer nofollow\">Polityka prywatno\u015bci<\/a> \u2013 <a href=\"https:\/\/tools.google.com\/dlpage\/gaoptout?hl=en\" onclick=\"javascript:return tryFunc(&#039;tryGaOptOut&#039;,{href:&#039;https:\/\/tools.google.com\/dlpage\/gaoptout?hl=en&#039;})\" target=\"_blank\" rel=\"noopener nofollow\">Odm\u00f3w<\/a>. <\/p>\n<p> Czas przechowywania:  <\/p>\n<ul>\n<li>AMP_TOKEN: 1 godzina<\/li>\n<li>_ga: 2 lata<\/li>\n<li>_gac*: 3 miesi\u0105ce<\/li>\n<li>_gat: 1 minuta<\/li>\n<li>_gid: 1 dzie\u0144<\/li>\n<\/ul>\n<h3 class=\"iub-subheading iub-subheading-manage-gdpr\" id=\"manage_cookies\">\n  Jak zarz\u0105dza\u0107 preferencjami i udziela\u0107 lub wycofywa\u0107 zgod\u0119<br \/>\n<\/h3>\n<p>\u015aledzenie preferencji mo\u017cna zarz\u0105dza\u0107 na r\u00f3\u017cne sposoby, w zale\u017cno\u015bci od potrzeb:<\/p>\n<p>U\u017cytkownicy mog\u0105 zarz\u0105dza\u0107 preferencjami dotycz\u0105cymi \u015bledzenia bezpo\u015brednio w ustawieniach swojego urz\u0105dzenia, na przyk\u0142ad, uniemo\u017cliwiaj\u0105c u\u017cywanie lub przechowywanie \u015bledzenia.<\/p>\n<p>Dodatkowo, w przypadku gdy u\u017cywanie \u015bledzenia oparte jest na zgodzie, u\u017cytkownicy mog\u0105 udziela\u0107 lub wycofywa\u0107 tak\u0105 zgod\u0119, ustawiaj\u0105c swoje preferencje w powiadomieniu o plikach cookie lub aktualizuj\u0105c te preferencje odpowiednio za pomoc\u0105 odpowiedniego wid\u017cetu preferencji zgody, je\u015bli jest dost\u0119pny.<\/p>\n<p>Jest r\u00f3wnie\u017c mo\u017cliwe, za pomoc\u0105 odpowiednich funkcji przegl\u0105darki lub urz\u0105dzenia, usuni\u0119cie wcze\u015bniej przechowywanych \u015bledz\u0105cych, w tym tych u\u017cywanych do zapami\u0119tania pocz\u0105tkowej zgody u\u017cytkownika.<\/p>\n<p>Inne \u015bledzenie w lokalnej pami\u0119ci przegl\u0105darki mo\u017cna usun\u0105\u0107, czy\u015bc\u0105c histori\u0119 przegl\u0105dania.<\/p>\n<p>Je\u015bli chodzi o \u015bledzenie stron trzecich, u\u017cytkownicy mog\u0105 zarz\u0105dza\u0107 swoimi preferencjami i wycofa\u0107 zgod\u0119 za pomoc\u0105 odpowiedniego linku do rezygnacji (je\u015bli dost\u0119pny), korzystaj\u0105c ze \u015brodk\u00f3w wskazanych w polityce prywatno\u015bci strony trzeciej lub kontaktuj\u0105c si\u0119 z t\u0105 stron\u0105 trzeci\u0105.<\/p>\n<h4>Znajdowanie ustawie\u0144 \u015bledzenia<\/h4>\n<p>U\u017cytkownicy mog\u0105 znale\u017a\u0107 informacje o tym, jak zarz\u0105dza\u0107 plikami cookie w najpopularniejszych przegl\u0105darkach, pod poni\u017cszymi adresami:<\/p>\n<ul>\n<li><a rel=\"noopener nofollow\" target=\"_blank\" href=\"https:\/\/support.google.com\/chrome\/answer\/95647?hl=en&amp;p=cpn_cookies\">Google Chrome<\/a><\/li>\n<li><a rel=\"noopener nofollow\" target=\"_blank\" href=\"https:\/\/support.mozilla.org\/en-US\/kb\/enable-and-disable-cookies-website-preferences\">Mozilla Firefox<\/a><\/li>\n<li><a rel=\"noopener nofollow\" target=\"_blank\" href=\"https:\/\/support.apple.com\/guide\/safari\/manage-cookies-and-website-data-sfri11471\/\">Apple Safari<\/a><\/li>\n<li><a rel=\"noopener nofollow\" target=\"_blank\" href=\"http:\/\/windows.microsoft.com\/en-us\/windows-vista\/block-or-allow-cookies\">Microsoft Internet Explorer<\/a><\/li>\n<li><a rel=\"noopener nofollow\" target=\"_blank\" href=\"https:\/\/support.microsoft.com\/en-us\/help\/4027947\">Microsoft Edge<\/a><\/li>\n<li><a rel=\"noopener nofollow\" target=\"_blank\" href=\"https:\/\/support.brave.com\/hc\/en-us\/articles\/360022806212-How-do-I-use-Shields-while-browsing\">Brave<\/a><\/li>\n<li><a rel=\"noopener nofollow\" target=\"_blank\" href=\"https:\/\/help.opera.com\/en\/latest\/web-preferences\/#cookies\">Opera<\/a><\/li>\n<\/ul>\n<p>U\u017cytkownicy mog\u0105 r\u00f3wnie\u017c zarz\u0105dza\u0107 niekt\u00f3rymi kategoriami \u015bledzenia u\u017cywanymi w aplikacjach mobilnych, rezygnuj\u0105c z tego za pomoc\u0105 odpowiednich ustawie\u0144 urz\u0105dzenia, takich jak ustawienia reklamowe dla urz\u0105dze\u0144 mobilnych lub og\u00f3lne ustawienia \u015bledzenia (u\u017cytkownicy mog\u0105 otworzy\u0107 ustawienia urz\u0105dzenia i szuka\u0107 odpowiednich ustawie\u0144).<\/p>\n<h4>Skutki odmowy udzielenia zgody<\/h4>\n<p>U\u017cytkownicy maj\u0105 prawo zdecydowa\u0107, czy udziel\u0105 zgody, czy nie. Nale\u017cy jednak zauwa\u017cy\u0107, \u017ce Trackery pomagaj\u0105 tej stronie internetowej zapewni\u0107 lepsze do\u015bwiadczenie i zaawansowane funkcje u\u017cytkownikom (zgodnie z celami przedstawionymi w niniejszym dokumencie). Dlatego w przypadku braku zgody u\u017cytkownika, W\u0142a\u015bciciel mo\u017ce by\u0107 niezdolny do \u015bwiadczenia zwi\u0105zanych z tym funkcji.<\/p>\n<h3 class=\"iub-subheading iub-subheading-owner-and-data-controller\" id=\"owner_of_the_data\">\n  W\u0142a\u015bciciel i kontroler danych<br \/>\n<\/h3>\n<p>UNIGR\u00c0 SRL &#8211; via Gardizza 9\/b, 48017 Conselice (RA), W\u0142ochy<\/p>\n<p><strong>Email kontaktowy w\u0142a\u015bciciela:<\/strong> info@orasivegetale.it<\/p>\n<p>Poniewa\u017c korzystanie z Tracker\u00f3w stron trzecich za po\u015brednictwem tej strony internetowej nie mo\u017ce by\u0107 w pe\u0142ni kontrolowane przez W\u0142a\u015bciciela, wszelkie szczeg\u00f3\u0142owe odniesienia do Tracker\u00f3w stron trzecich nale\u017cy traktowa\u0107 jako wskaz\u00f3wki. W celu uzyskania pe\u0142nych informacji u\u017cytkownicy proszeni s\u0105 o zapoznanie si\u0119 z politykami prywatno\u015bci poszczeg\u00f3lnych us\u0142ug stron trzecich wymienionych w niniejszym dokumencie.<\/p>\n<p>Ze wzgl\u0119du na obiektywn\u0105 z\u0142o\u017cono\u015b\u0107 zwi\u0105zanych z technologi\u0105 \u015bledzenia, u\u017cytkownicy s\u0105 zach\u0119cani do kontaktowania si\u0119 z W\u0142a\u015bcicielem, je\u015bli chc\u0105 uzyska\u0107 wi\u0119cej informacji na temat korzystania z takich technologii przez t\u0119 stron\u0119 internetow\u0105.<\/p>\n<h3>\n  Definicje i odniesienia prawne<br \/>\n<\/h3>\n<h4>Dane osobowe (lub dane)<\/h4>\n<p>Ka\u017cda informacja, kt\u00f3ra bezpo\u015brednio, po\u015brednio lub w po\u0142\u0105czeniu z innymi informacjami \u2014 w tym z numerem identyfikacji osobistej \u2014 pozwala na identyfikacj\u0119 lub okre\u015blenie to\u017csamo\u015bci osoby fizycznej.<\/p>\n<h4>Trackery (lub \u015bledzenie)<\/h4>\n<p>\u015aledzenie to technologia stosowana na stronach internetowych i aplikacjach mobilnych, kt\u00f3ra pozwala na zbieranie informacji na temat zachowa\u0144 u\u017cytkownik\u00f3w. W praktyce polega to na instalacji pewnych element\u00f3w w urz\u0105dzeniach u\u017cytkownik\u00f3w, takich jak pliki cookie, piksele, skrypty i inne.<\/p>\n<h4>U\u017cytkownik<\/h4>\n<p>Osoba korzystaj\u0105ca z tej strony internetowej, kt\u00f3ra, chyba \u017ce w przeciwnym razie jest okre\u015blone, zbiega si\u0119 z podmiotem danych.<\/p>\n<h4>Podmiot danych<\/h4>\n<p>Osoba fizyczna, kt\u00f3rej dotycz\u0105 dane osobowe.<\/p>\n<h4>Kontroler danych (lub w\u0142a\u015bciciel)<\/h4>\n<p>Osoba prawna, osoba fizyczna, organ publiczny, agencja lub inna jednostka, kt\u00f3ra samodzielnie lub wsp\u00f3lnie z innymi ustala cele i \u015brodki przetwarzania danych osobowych, w tym zabezpieczenia \u015brodk\u00f3w zwi\u0105zanych z dzia\u0142aniem i korzystaniem z tej strony internetowej. Kontroler danych, chyba \u017ce w przeciwnym razie jest okre\u015blone, jest w\u0142a\u015bcicielem tej strony internetowej.<\/p>\n<h4>Strona internetowa (lub ta strona internetowa)<\/h4>\n<p>Narz\u0119dzie sprz\u0119towe lub oprogramowanie, za pomoc\u0105 kt\u00f3rego przetwarzane s\u0105 dane osobowe u\u017cytkownik\u00f3w.<\/p>\n<h4>Us\u0142uga<\/h4>\n<p>Us\u0142uga \u015bwiadczona przez t\u0119 stron\u0119 internetow\u0105, z godnie z jej opisem na tej stronie i na niniejszej Polityce Prywatno\u015bci.<\/p>\n<h4>Unia Europejska (lub UE)<\/h4>\n<p>Chyba \u017ce inaczej okre\u015blono, wszelkie odniesienia do Unii Europejskiej zawarte w niniejszym dokumencie obejmuj\u0105 wszystkie bie\u017c\u0105ce pa\u0144stwa cz\u0142onkowskie Unii Europejskiej i Europejskiego Obszaru Gospodarczego.<\/p>\n<h4>Pliki cookie<\/h4>\n<p>Ma\u0142e fragmenty danych przechowywane na urz\u0105dzeniu u\u017cytkownika.<\/p>\n<h4>Prawne informacje<\/h4>\n<p>To o\u015bwiadczenie zosta\u0142o opracowane na podstawie wielu system\u00f3w prawnych, w tym przepis\u00f3w zawartych w art. 13 i 14 rozporz\u0105dzenia (UE) 2016\/679 (og\u00f3lne rozporz\u0105dzenie o ochronie danych).<\/p>\n<p>Ta Polityka Prywatno\u015bci odnosi si\u0119 wy\u0142\u0105cznie do tej strony internetowej, chyba \u017ce inaczej okre\u015blono w niniejszym dokumencie.<\/p>\n<p>\n  Ostatnia aktualizacja: 17 pa\u017adziernika 2022\n<\/p>\n<p>\n    Tre\u015b\u0107 ta jest hostowana przez <a target=\"_top\" href=\"https:\/\/www.iubenda.com\/en\/privacy-and-cookie-policy-generator\" title=\"iubenda - generator polityki prywatno\u015bci\" rel=\"noopener nofollow\">iubenda<\/a> i zbiera tylko <a target=\"_top\" href=\"\/\/www.iubenda.com\/privacy-policy\/65675001\" rel=\"noopener\">Dane osobowe, kt\u00f3re s\u0105 \u015bci\u015ble niezb\u0119dne<\/a> do jej \u015bwiadczenia.\n  <\/p>\n<\/p><\/div>\n<p> <!-- \/content -->\n<\/div>\n<p> <!-- \/wbars -->\n  <\/div>\n<p> <!-- \/container base_container -->\n<\/div>\n<p> <!-- \/wbars_wrapper -->\n  <\/div>\n<p> <!-- \/iubenda_policy -->\n<\/div>\n<p><script type=\"text\/javascript\" src=\"https:\/\/www.iubenda.com\/privacy-policy\/42025204\/cookie-policy\/embed-no-markup.json?i=1566724523\"><\/script><script type=\"text\/javascript\">(function (w,d) {var loader = function () {var s = d.createElement(\"script\"), tag = d.getElementsByTagName(\"script\")[0]; s.src=\"https:\/\/cdn.iubenda.com\/iubenda.js\"; tag.parentNode.insertBefore(s,tag);}; if(w.addEventListener){w.addEventListener(\"load\", loader, false);}else if(w.attachEvent){w.attachEvent(\"onload\", loader);}else{w.onload = loader;}})(window, document);<\/script><\/p>\n","protected":false},"excerpt":{"rendered":"<p>Polityka Cookie na stronie orasivegetale.it Ten dokument informuje u\u017cytkownik\u00f3w o technologiach, kt\u00f3re pomagaj\u0105 tej stronie internetowej osi\u0105gn\u0105\u0107 cele opisane poni\u017cej. Takie technologie pozwalaj\u0105 w\u0142a\u015bcicielowi uzyska\u0107 dost\u0119p do informacji (na przyk\u0142ad, u\u017cywaj\u0105c pliku cookie) lub korzysta\u0107 z zasob\u00f3w (na przyk\u0142ad, uruchamiaj\u0105c skrypt) na urz\u0105dzeniu u\u017cytkownika podczas korzystania z tej strony internetowej. Dla uproszczenia, wszystkie takie technologie [&hellip;]<\/p>\n","protected":false},"author":2,"featured_media":0,"parent":0,"menu_order":0,"comment_status":"closed","ping_status":"closed","template":"templates\/privacy-policy.php","meta":{"_acf_changed":false,"footnotes":""},"class_list":["post-6379","page","type-page","status-publish","hentry"],"acf":[],"_links":{"self":[{"href":"https:\/\/orasivegetale.com\/pl\/wp-json\/wp\/v2\/pages\/6379","targetHints":{"allow":["GET"]}}],"collection":[{"href":"https:\/\/orasivegetale.com\/pl\/wp-json\/wp\/v2\/pages"}],"about":[{"href":"https:\/\/orasivegetale.com\/pl\/wp-json\/wp\/v2\/types\/page"}],"author":[{"embeddable":true,"href":"https:\/\/orasivegetale.com\/pl\/wp-json\/wp\/v2\/users\/2"}],"replies":[{"embeddable":true,"href":"https:\/\/orasivegetale.com\/pl\/wp-json\/wp\/v2\/comments?post=6379"}],"version-history":[{"count":5,"href":"https:\/\/orasivegetale.com\/pl\/wp-json\/wp\/v2\/pages\/6379\/revisions"}],"predecessor-version":[{"id":7206,"href":"https:\/\/orasivegetale.com\/pl\/wp-json\/wp\/v2\/pages\/6379\/revisions\/7206"}],"wp:attachment":[{"href":"https:\/\/orasivegetale.com\/pl\/wp-json\/wp\/v2\/media?parent=6379"}],"curies":[{"name":"wp","href":"https:\/\/api.w.org\/{rel}","templated":true}]}}