{"id":6381,"date":"2022-04-06T19:38:29","date_gmt":"2022-04-06T17:38:29","guid":{"rendered":"https:\/\/orasivegetale.com\/polityka-prywatnosci\/"},"modified":"2023-05-04T16:20:18","modified_gmt":"2023-05-04T14:20:18","slug":"polityka-prywatnosci","status":"publish","type":"page","link":"https:\/\/orasivegetale.com\/pl\/polityka-prywatnosci\/","title":{"rendered":"Polityka Prywatno\u015bci"},"content":{"rendered":"<div class=\"iubenda_legal_document\">\n<h1>Polityka prywatno\u015bci <strong>orasivegetale.it<\/strong><\/h1>\n<p>Witryna internetowa zbiera niekt\u00f3re dane osobowe swoich u\u017cytkownik\u00f3w.<\/p>\n<p> <\/p>\n<p>Ten dokument mo\u017cna wydrukowa\u0107, korzystaj\u0105c z polecenia drukowania dost\u0119pnego w ustawieniach dowolnej przegl\u0105darki.<\/p>\n<h2 id=\"owner_of_the_data\"> Administrator danych <\/h2>\n<p>UNIGR\u00c0 SRL &#8211; via Gardizza 9\/b, 48017 Conselice (RA), W\u0142ochy<\/p>\n<p><strong>Adres e-mail administratora:<\/strong> info@orasivegetale.it<\/p>\n<h2 id=\"types_of_data\"> Rodzaje danych zbieranych <\/h2>\n<p> W\u015br\u00f3d danych osobowych zbieranych przez t\u0119 witryn\u0119, samodzielnie lub za pomoc\u0105 stron trzecich, s\u0105: narz\u0119dzia do \u015bledzenia; dane u\u017cytkowania; imi\u0119; nazwisko; e-mail. <\/p>\n<p>Pe\u0142ne informacje na temat ka\u017cdego rodzaju zbieranych danych s\u0105 zawarte w dedykowanych sekcjach tej polityki prywatno\u015bci lub za pomoc\u0105 specyficznych informacji wy\u015bwietlanych przed zebraniem tych danych.<br \/> Dane osobowe mog\u0105 by\u0107 podawane dobrowolnie przez u\u017cytkownika lub, w przypadku danych u\u017cytkowania, zbierane automatycznie podczas korzystania z tej witryny internetowej.<br \/> Je\u015bli nie podano inaczej, wszystkie dane wymagane przez t\u0119 witryn\u0119 s\u0105 obowi\u0105zkowe. Je\u015bli u\u017cytkownik odm\u00f3wi ich podania, mo\u017ce by\u0107 niemo\u017cliwe dla tej witryny \u015bwiadczy\u0107 us\u0142ug\u0119. W przypadkach, gdy witryna ta wskazuje, \u017ce niekt\u00f3re dane s\u0105 opcjonalne, u\u017cytkownicy s\u0105 wolni, aby nie podawa\u0107 tych danych, bez wp\u0142ywu na dost\u0119pno\u015b\u0107 us\u0142ugi lub jej funkcjonowanie.<br \/> U\u017cytkownicy, kt\u00f3rzy maj\u0105 w\u0105tpliwo\u015bci, kt\u00f3re dane s\u0105 obowi\u0105zkowe, s\u0105 zach\u0119cani do skontaktowania si\u0119 z administratorem.<br \/> Ewentualne u\u017cycie plik\u00f3w cookie &#8211; lub innych narz\u0119dzi do \u015bledzenia &#8211; przez t\u0119 witryn\u0119 internetow\u0105 lub w\u0142a\u015bcicieli us\u0142ug stron trzecich u\u017cywanych przez t\u0119 witryn\u0119 internetow\u0105, o ile nie okre\u015blono inaczej, ma na celu dostarczenie us\u0142ugi \u017c\u0105danej przez u\u017cytkownika, a tak\u017ce dodatkowe cele opisane w niniejszym dokumencie oraz w polityce plik\u00f3w cookie, je\u015bli jest dost\u0119pna.<\/p>\n<p>U\u017cytkownik przyjmuje odpowiedzialno\u015b\u0107 za dane osobowe os\u00f3b trzecich uzyskane, opublikowane lub udost\u0119pnione za po\u015brednictwem tej witryny internetowej i gwarantuje, \u017ce ma prawo do ich przekazywania lub rozpowszechniania, zwalniaj\u0105c administratora od wszelkiej odpowiedzialno\u015bci wobec os\u00f3b trzecich.<\/p>\n<p>W zwi\u0105zku z tym:<\/p>\n<ul>\n<li> Dane osobowe zbierane w celach zwi\u0105zanych z wykonaniem umowy mi\u0119dzy Administratorem a U\u017cytkownikiem b\u0119d\u0105 przechowywane do czasu zako\u0144czenia wykonania tej umowy.<\/li>\n<li>Dane osobowe zbierane w celach wynikaj\u0105cych z prawnie uzasadnionego interesu Administratora b\u0119d\u0105 przechowywane do czasu zaspokojenia tego interesu. U\u017cytkownik mo\u017ce uzyska\u0107 dodatkowe informacje na temat prawnie uzasadnionego interesu realizowanego przez Administratora w odpowiednich sekcjach niniejszego dokumentu lub kontaktuj\u0105c si\u0119 z Administratorem.<\/li>\n<\/ul>\n<p>Je\u015bli przetwarzanie opiera si\u0119 na zgodzie U\u017cytkownika, Administrator mo\u017ce przechowywa\u0107 Dane osobowe d\u0142u\u017cej, do momentu cofni\u0119cia takiej zgody. Ponadto, Administrator mo\u017ce by\u0107 zobowi\u0105zany do przechowywania Danych osobowych przez d\u0142u\u017cszy okres w celu spe\u0142nienia obowi\u0105zku wynikaj\u0105cego z prawa lub na podstawie decyzji w\u0142adzy.<\/p>\n<p> Po up\u0142ywie okresu przechowywania Dane osobowe zostan\u0105 usuni\u0119te. W zwi\u0105zku z tym, po up\u0142ywie tego okresu, prawo dost\u0119pu, usuni\u0119cia, sprostowania i prawo do przenoszenia Danych nie b\u0119d\u0105 mog\u0142y by\u0107 ju\u017c wykonywane.<\/p>\n<h2 id=\"use_collected_data\">Cele przetwarzania zebranych danych<\/h2>\n<p> Dane U\u017cytkownika s\u0105 zbierane w celu umo\u017cliwienia Administratorowi \u015bwiadczenia Us\u0142ugi, spe\u0142nienia obowi\u0105zk\u00f3w wynikaj\u0105cych z prawa, odpowiadania na \u017c\u0105dania lub dzia\u0142ania wykonawcze, ochrony w\u0142asnych praw i interes\u00f3w (lub praw i interes\u00f3w U\u017cytkownik\u00f3w lub os\u00f3b trzecich), identyfikacji ewentualnych dzia\u0142alno\u015bci z\u0142udnych lub oszuka\u0144czych, a tak\u017ce w celu nast\u0119puj\u0105cych cel\u00f3w: Statystyka, Kontaktowanie si\u0119 z U\u017cytkownikiem i Wy\u015bwietlanie tre\u015bci z zewn\u0119trznych platform.<\/p>\n<p>Aby uzyska\u0107 szczeg\u00f3\u0142owe informacje na temat cel\u00f3w przetwarzania oraz Danych osobowych przetwarzanych dla ka\u017cdego celu, U\u017cytkownik mo\u017ce zapozna\u0107 si\u0119 z sekcj\u0105 \u201eSzczeg\u00f3\u0142y dotycz\u0105ce przetwarzania Danych osobowych\u201d.<\/p>\n<div data-locale=\"it\"><\/div>\n<h2 id=\"data_processing_detailed_info\">Szczeg\u00f3\u0142y dotycz\u0105ce przetwarzania Danych osobowych<\/h2>\n<p>Dane osobowe s\u0105 zbierane w celu realizacji nast\u0119puj\u0105cych cel\u00f3w i za pomoc\u0105 nast\u0119puj\u0105cych us\u0142ug:<\/p>\n<h3 class=\"iub-purpose iub-purpose-9841929\"> Kontaktowanie si\u0119 z U\u017cytkownikiem <\/h3>\n<h4 class=\"iub-service iub-service-8306622\"> Formularz kontaktowy (ta Strona internetowa) <\/h4>\n<p>U\u017cytkownik, wype\u0142niaj\u0105c formularz kontaktowy swoimi danymi, wyra\u017ca zgod\u0119 na ich wykorzystanie w celu odpowiedzi na pro\u015bby o informacje, wyceny lub inne potrzeby wskazane w nag\u0142\u00f3wku formularza.<\/p>\n<p>Przetwarzane dane osobowe: nazwisko; e-mail; imi\u0119.<\/p>\n<h3 class=\"iub-purpose iub-purpose-9841910\"> Statystyka <\/h3>\n<p>Us\u0142ugi zawarte w tej sekcji umo\u017cliwiaj\u0105 Administratorowi danych monitorowanie i analizowanie ruchu danych oraz \u015bledzenie zachowa\u0144 U\u017cytkownika.<\/p>\n<h4 class=\"iub-service iub-service-8306603\"> Google Analytics (Google Ireland Limited) <\/h4>\n<p>Google Analytics to us\u0142uga analizy internetowej \u015bwiadczona przez Google Ireland Limited (\u201eGoogle\u201d). Google wykorzystuje zebrane dane osobowe w celu \u015bledzenia i analizowania korzystania z tej strony internetowej, tworzenia raport\u00f3w i udost\u0119pniania ich innym us\u0142ugom opracowanym przez Google.<br \/> Google mo\u017ce wykorzystywa\u0107 dane osobowe do personalizacji i kontekstualizacji reklam w swojej sieci reklamowej.<\/p>\n<p>Przetwarzane dane osobowe: dane u\u017cytkowania; narz\u0119dzia \u015bledzenia.<\/p>\n<p>Miejsce przetwarzania: Irlandia \u2013 <a href=\"https:\/\/policies.google.com\/privacy\" target=\"_blank\" rel=\"noopener noreferrer nofollow\">Polityka prywatno\u015bci<\/a> \u2013 <a href=\"https:\/\/tools.google.com\/dlpage\/gaoptout?hl=en\" onclick=\"javascript:return tryFunc(&#039;tryGaOptOut&#039;,{href:&#039;https:\/\/tools.google.com\/dlpage\/gaoptout?hl=en&#039;})\" target=\"_blank\" rel=\"noopener nofollow\">Wy\u0142\u0105cz<\/a>.<\/p>\n<h4 class=\"iub-service iub-service-8306614\"> Google Analytics z anonimizacj\u0105 IP (Google Ireland Limited) <\/h4>\n<p>Google Analytics to us\u0142uga analizy internetowej \u015bwiadczona przez Google Ireland Limited (\u201eGoogle\u201d). Google wykorzystuje zebrane dane osobowe w celu \u015bledzenia i analizowania korzystania z tej strony internetowej, tworzenia raport\u00f3w i udost\u0119pniania ich innym us\u0142ugom opracowanym przez Google.<br \/> Google mo\u017ce wykorzystywa\u0107 dane osobowe do personalizacji i kontekstualizacji reklam w swojej sieci reklamowej.<br \/> Ta integracja z Google Analytics anonimizuje Tw\u00f3j adres IP. Anonimizacja polega na skracaniu adresu IP u\u017cytkownik\u00f3w w granicach pa\u0144stw cz\u0142onkowskich Unii Europejskiej lub innych pa\u0144stw uczestnicz\u0105cych w Porozumieniu o Europejskim Obszarze Gospodarczym. Tylko w wyj\u0105tkowych przypadkach adres IP b\u0119dzie przesy\u0142any do serwer\u00f3w Google i skracany na terenie Stan\u00f3w Zj ednoczonych.<\/p>\n<p>Przetwarzane dane osobowe: dane u\u017cytkowania; narz\u0119dzia \u015bledzenia.<\/p>\n<p>Miejsce przetwarzania: Irlandia \u2013 <a href=\"https:\/\/policies.google.com\/privacy\" target=\"_blank\" rel=\"noopener noreferrer nofollow\">Polityka prywatno\u015bci<\/a> \u2013 <a href=\"https:\/\/tools.google.com\/dlpage\/gaoptout?hl=en\" onclick=\"javascript:return tryFunc(&#039;tryGaOptOut&#039;,{href:&#039;https:\/\/tools.google.com\/dlpage\/gaoptout?hl=en&#039;})\" target=\"_blank\" rel=\"noopener nofollow\">Wy\u0142\u0105cz<\/a>.<\/p>\n<h3 class=\"iub-purpose iub-purpose-9841932\"> Wy\u015bwietlanie tre\u015bci z zewn\u0119trznych platform <\/h3>\n<p>Tego rodzaju us\u0142ugi umo\u017cliwiaj\u0105 wy\u015bwietlanie tre\u015bci zamieszczonych na zewn\u0119trznych platformach bezpo\u015brednio na stronach tej witryny internetowej i interakcj\u0119 z nimi.<br \/> Ten rodzaj us\u0142ugi mo\u017ce jednak zbiera\u0107 dane o ruchu internetowym zwi\u0105zane ze stronami, na kt\u00f3rych zainstalowana jest us\u0142uga, nawet je\u015bli u\u017cytkownicy jej nie u\u017cywaj\u0105.<\/p>\n<h4 class=\"iub-service iub-service-8306625\"> Google Fonts (Google Ireland Limited) <\/h4>\n<p>Google Fonts to us\u0142uga wy\u015bwietlania styl\u00f3w czcionek zarz\u0105dzana przez Google Ireland Limited, kt\u00f3ra pozwala tej stronie internetowej na integracj\u0119 takich tre\u015bci na swoich stronach.<\/p>\n<p>Przetwarzane dane osobowe: dane u\u017cytkowania; narz\u0119dzia \u015bledzenia.<\/p>\n<p>Miejsce przetwarzania: Irlandia \u2013 <a href=\"https:\/\/policies.google.com\/privacy\" target=\"_blank\" rel=\"noopener noreferrer nofollow\">Polityka prywatno\u015bci<\/a>.<\/p>\n<div data-locale=\"it\"><\/div>\n<h2 id=\"rights_subjects\">Prawa u\u017cytkownika<\/h2>\n<p>U\u017cytkownicy mog\u0105 wykonywa\u0107 okre\u015blone prawa w odniesieniu do danych przetwarzanych przez Administratora danych.<\/p>\n<p>W szczeg\u00f3lno\u015bci u\u017cytkownik ma prawo do:<\/p>\n<ul>\n<li><strong>cofn\u0105\u0107 zgod\u0119 w dowolnym momencie.<\/strong> U\u017cytkownik mo\u017ce cofn\u0105\u0107 wcze\u015bniej wyra\u017con\u0105 zgod\u0119 na przetwarzanie swoich danych osobowych.<\/li>\n<li><strong>sprzeciwi\u0107 si\u0119 przetwarzaniu swoich danych.<\/strong> U\u017cytkownik mo\u017ce sprzeciwi\u0107 si\u0119 przetwarzaniu swoich danych, gdy ma na to inn\u0105 podstaw\u0119 prawn\u0105 ni\u017c zgod\u0119. Szczeg\u00f3\u0142y dotycz\u0105ce prawa sprzeciwu s\u0105 podane w poni\u017cszej sekcji.<\/li>\n<li><strong>dost\u0119p do swoich danych.<\/strong> U\u017cytkownik ma prawo uzyska\u0107 informacje o danych przetwarzanych przez Administratora, o okre\u015blonych aspektach przetwarzania oraz otrzyma\u0107 kopi\u0119 przetwarzanych danych.<\/li>\n<li><strong>sprawdzi\u0107 i poprosi\u0107 o sprostowanie.<\/strong> U\u017cytkownik mo\u017ce sprawdzi\u0107 poprawno\u015b\u0107 swoich danych i \u017c\u0105da\u0107 ich aktualizacji lub korekty.<\/li>\n<li><strong>uzyska\u0107 ograniczenie przetwarzania.<\/strong> W przypadku wyst\u0105pienia okre\u015blonych warunk\u00f3w u\u017cytkownik mo\u017ce \u017c\u0105da\u0107 ograniczenia przetwarzania swoich danych. W takim przypadku Administrator danych nie b\u0119dzie przetwarza\u0142 danych w \u017cadnym innym celu ni\u017c ich przechowywanie.<\/li>\n<li><strong>uzyska\u0107 usuni\u0119cie lub usuni\u0119cie swoich danych osobowych.<\/strong> W przypadku wyst\u0105pienia okre\u015blonych warunk\u00f3w u\u017cytkownik mo\u017ce \u017c\u0105da\u0107 usuni\u0119cia swoich danych przez Administratora danych.<\/li>\n<li><strong>otrzyma\u0107 swoje dane lub przekaza\u0107 je innemu administratorowi.<\/strong> U\u017cytkownik ma prawo otrzyma\u0107 swoje dane w formacie strukturalnym, powszechnie u\u017cywanym i mo\u017cliwym do odczytania przez automatyczne urz\u0105dzenie oraz, je\u015bli jest to technicznie mo\u017cliwe, przenie\u015b\u0107 je bez przeszk\u00f3d do innego administratora danych. Przepis ten ma zastosowanie, gdy dane s\u0105 przetwarzane za pomoc\u0105 zautomatyzowanych narz\u0119dzi, a przetwarzanie jest oparte na zgodzie u\u017cytkownika, umowie, kt\u00f3rej stron\u0105 jest u\u017cytkownik, lub \u015brodkach zwi\u0105zanych z umow\u0105.<\/li>\n<li><strong>z\u0142o\u017cy\u0107 skarg\u0119.<\/strong> U\u017cytkownik mo\u017ce z\u0142o\u017cy\u0107 skarg\u0119 do w\u0142a\u015bciwego organu nadzoru ochrony danych osobowych lub podj\u0105\u0107 dzia\u0142ania s\u0105dowe.<\/li>\n<\/ul>\n<h3 class=\"iub-subheading iub-subheading-legal-right-to-object\"> Szczeg\u00f3\u0142y dotycz\u0105ce prawa sprzeciwu <\/h3>\n<p>Je\u015bli Dane osobowe s\u0105 przetwarzane w interesie publicznym, w ramach wykonywania uprawnie\u0144 publicznych, na kt\u00f3re podmiot odpowiedzialny jest uprawniony, lub w celu realizacji prawnie uzasadnionego interesu podmiotu odpowiedzialnego, u\u017cytkownicy maj\u0105 prawo sprzeciwi\u0107 si\u0119 przetwarzaniu ze wzgl\u0119du na swoj\u0105 szczeg\u00f3ln\u0105 sytuacj\u0119.<\/p>\n<p>U\u017cytkownikom przypomina si\u0119, \u017ce je\u015bli ich dane s\u0105 przetwarzane w celach marketingu bezpo\u015bredniego, mog\u0105 si\u0119 sprzeciwi\u0107 przetwarzaniu bez podawania \u017cadnych powod\u00f3w. Aby dowiedzie\u0107 si\u0119, czy podmiot odpowiedzialny przetwarza dane w celach marketingu bezpo\u015bredniego, u\u017cytkownicy mog\u0105 odnale\u017a\u0107 odpowiednie sekcje w niniejszym dokumencie.<\/p>\n<h3 class=\"iub-subheading iub-subheading-legal-how-to-exercise\"> Jak wykonywa\u0107 prawa <\/h3>\n<p>Aby wykona\u0107 prawa u\u017cytkownika, u\u017cytkownicy mog\u0105 skierowa\u0107 wniosek do podmiotu odpowiedzialnego, u\u017cywaj\u0105c danych kontaktowych podanych w niniejszym dokumencie. Wnioski s\u0105 sk\u0142adane bezp\u0142atnie i realizowane przez podmiot odpowiedzialny jak najszybciej, w ka\u017cdym przypadku w ci\u0105gu jednego miesi\u0105ca.<\/p>\n<h2 id=\"cookie_policy\">Polityka Cookie<\/h2>\n<p>Witryna ta korzysta z narz\u0119dzi \u015bledzenia. Aby dowiedzie\u0107 si\u0119 wi\u0119cej, u\u017cytkownik mo\u017ce zapozna\u0107 si\u0119 z <a href=\"\/\/www.iubenda.com\/privacy-policy\/50626341\/cookie-policy\" title=\"Cookie Policy\" class=\"show_comp_link iframe-preserve an-preserve\">Polityk\u0105 Cookie<\/a>.<\/p>\n<h2 id=\"further_data_processing_info\">Dodatkowe informacje na temat przetwarzania danych<\/h2>\n<h3 class=\"iub-subheading iub-subheading-legal-protection\"> Obrona przed s\u0105dem <\/h3>\n<p>Dane osobowe u\u017cytkownika mog\u0105 by\u0107 wykorzystywane przez podmiot odpowiedzialny w s\u0105dzie lub w fazach przygotowawczych do jego ewentualnego wszcz\u0119cia w celu obrony przed nadu\u017cyciami ze strony u\u017cytkownika zwi\u0105zane z korzystaniem z tej strony internetowej lub zwi\u0105zanych z ni\u0105 us\u0142ug.<br \/> U\u017cytkownik o\u015bwiadcza, \u017ce jest \u015bwiadomy, \u017ce podmiot odpowiedzialny mo\u017ce by\u0107 zobowi\u0105zany do ujawnienia danych na \u017c\u0105danie w\u0142adz publicznych.<\/p>\n<h3 class=\"iub-subheading iub-subheading-legal-specific-info\"> Informacje szczeg\u00f3\u0142owe <\/h3>\n<p>Na \u017c\u0105danie u\u017cytkownika, opr\u00f3cz informacji zawartych w niniejszej polityce prywatno\u015bci, ta strona internetowa mo\u017ce dostarczy\u0107 u\u017cytkownikowi dodatkowe i kontekstowe informacje dotycz\u0105ce okre\u015blonych us\u0142ug lub zbierania i przetwarzania danych osobowych.<\/p>\n<h3 class=\"iub-subheading iub-subheading-legal-maintenance\"> Dzienniki systemowe i konserwacja <\/h3>\n<p>W zwi\u0105zku z potrzebami zwi\u0105zanymi z funkcjonowaniem i konserwacj\u0105, niniejsza strona internetowa oraz ewentualne us\u0142ugi stron trzecich u\u017cywane przez ni\u0105 mog\u0105 zbiera\u0107 dzienniki systemowe, czyli pliki, kt\u00f3re rejestruj\u0105 interakcje i kt\u00f3re mog\u0105 zawiera\u0107 r\u00f3wnie\u017c dane osobowe, takie jak adres IP u\u017cytkownika.<\/p>\n<h3 class=\"iub-subheading iub-subheading-legal-information-not-contained\"> Informacje nieuwzgl\u0119dnione w niniejszej polityce <\/h3>\n<p>Dodatkowe informacje dotycz\u0105ce przetwarzania danych osobowych mog\u0105 by\u0107 \u017c\u0105dane w dowolnym momencie od podmiotu odpowiedzialnego za przetwarzanie, korzystaj\u0105c z danych kontaktowych podanych w niniejszym dokumencie.<\/p>\n<h3 class=\"iub-subheading iub-subheading-legal-how-do-not-track\"> Odpowied\u017a na \u017c\u0105dania &#8222;Do Not Track&#8221; <\/h3>\n<p>Ta strona internetowa nie obs\u0142uguje \u017c\u0105da\u0144 &#8222;Do Not Track&#8221;.<br \/> Aby sprawdzi\u0107, czy ewentualne us\u0142ugi stron trzecich obs\u0142uguj\u0105 takie \u017c\u0105dania, u\u017cytkownik powinien zapozna\u0107 si\u0119 z odpowiednimi politykami prywatno\u015bci.<\/p>\n<h3>Zmiany w niniejszej polityce prywatno\u015bci<\/h3>\n<p>Podmiot odpowiedzialny za przetwarzanie zastrzega sobie prawo do wprowadzania zmian w niniejszej polityce prywatno\u015bci w dowolnym momencie, informuj\u0105c o tym u\u017cytkownik\u00f3w na tej stronie oraz, je\u015bli to mo\u017cliwe, na tej stronie internetowej, a tak\u017ce, je\u015bli to technicznie i prawnie mo\u017cliwe, wysy\u0142aj\u0105c powiadomienie u\u017cytkownikom za po\u015brednictwem jednego z danych kontaktowych, kt\u00f3re posiada. Prosimy zatem o cz\u0119ste odwiedzanie tej strony, zwracaj\u0105c uwag\u0119 na dat\u0119 ostatniej modyfikacji podan\u0105 na dole.<\/p>\n<p>Je\u015bli zmiany dotycz\u0105 przetwarzania, kt\u00f3rego podstaw\u0105 prawn\u0105 jest zgoda, podmiot odpowiedzialny b\u0119dzie ponownie zbiera\u0142 zgod\u0119 u\u017cytkownika, je\u015bli to konieczne.<\/p>\n<h3 id=\"definitions_and_legal_references\"> Definicje i odniesienia prawne <\/h3>\n<h4>Dane osobowe (lub dane)<\/h4>\n<p>Informacj\u0105 stanowi\u0105c\u0105 dane osobowe jest ka\u017cda informacja, kt\u00f3ra, bezpo\u015brednio lub po\u015brednio, nawet w po\u0142\u0105czeniu z jak\u0105kolwiek inn\u0105 informacj\u0105, w tym numerem identyfikacyjnym osoby, umo\u017cliwia identyfikacj\u0119 lub identyfikowalno\u015b\u0107 osoby fizycznej.<\/p>\n<h4>Dane u\u017cytkowania<\/h4>\n<p>S\u0105 to informacje gromadzone automatycznie przez niniejsz\u0105 stron\u0119 internetow\u0105 (tak\u017ce przez aplikacje stron trzecich zintegrowane z t\u0105 stron\u0105 internetow\u0105), w tym: adresy IP lub nazwy domen komputer\u00f3w u\u017cywanych przez u\u017cytkownik\u00f3w \u0142\u0105cz\u0105cych si\u0119 z t\u0105 stron\u0105 internetow\u0105, adresy w notacji URI (Uniform Resource Identifier), czas zapytania, metoda u\u017cyta do przes\u0142ania zapytania do serwera, rozmiar pliku otrzymanego w odpowiedzi, kod numeryczny wskazuj\u0105cy status odpowiedzi serwera (powodzenie, b\u0142\u0105d itp.), kraj pochodzenia, cechy przegl\u0105darki i systemu operacyjnego u\u017cywanego przez odwiedzaj\u0105cego, r\u00f3\u017cne aspekty czasowe wizyty (np. czas sp\u0119dzony na ka\u017cdej stronie) oraz szczeg\u00f3\u0142y dotycz\u0105ce \u015bcie\u017cki przebytej w ramach aplikacji, ze szczeg\u00f3lnym uwzgl\u0119dnieniem kolejno\u015bci odwiedzanych stron, parametr\u00f3w dotycz\u0105cych systemu operacyjnego i \u015brodowiska informatycznego u\u017cytkownika.<\/p>\n<h4>U\u017cytkownik<\/h4>\n<p>Osoba korzystaj\u0105ca z tej strony internetowej, kt\u00f3ra, chyba \u017ce okre\u015blono inaczej, pokrywa si\u0119 z osob\u0105, kt\u00f3rej dane dotycz\u0105.<\/p>\n<h4>Osoba, kt\u00f3rej dane dotycz\u0105<\/h4>\n<p>Osoba fizyczna, kt\u00f3rej dane osobowe s\u0105 przetwarzane.<\/p>\n<h4>Podmiot przetwarzaj\u0105cy dane (lub podmiot przetwarzaj\u0105cy)<\/h4>\n<p>Osoba fizyczna, osoba prawna, organ administracji publicznej lub jakikolwiek inny podmiot, kt\u00f3ry przetwarza dane osobowe w imieniu administratora danych zgodnie z niniejsz\u0105 polityk\u0105 prywatno\u015bci.<\/p>\n<h4>Administrator danych (lub administrator)<\/h4>\n<p>Osoba fizyczna lub prawna, organ administracji publicznej, us\u0142uga lub inny organ, kt\u00f3ry samodzielnie lub wsp\u00f3lnie z innymi okre\u015bla cele i \u015brodki przetwarzania danych osobowych oraz przyj\u0119te instrumenty, w tym \u015brodki zwi\u0105zane z funkcjonowaniem i korzystaniem z tej strony internetowej. Administrator danych, chyba \u017ce okre\u015blono inaczej, jest w\u0142a\u015bcicielem tej strony internetowej.<\/p>\n<h4>Ta strona internetowa (lub ta aplikacja)<\/h4>\n<p>Narz\u0119dzie sprz\u0119towe lub programowe, za pomoc\u0105 kt\u00f3rego gromadzone i przetwarzane s\u0105 dane osobowe u\u017cytkownik\u00f3w.<\/p>\n<h4>Us\u0142uga<\/h4>\n<p>Us\u0142uga \u015bwiadczona przez t\u0119 stron\u0119 internetow\u0105, zgodnie z jej warunkami (je\u015bli s\u0105 obecne) na tej stronie\/aplikacji.<\/p>\n<h4>Unia Europejska (lub UE)<\/h4>\n<p>Chyba \u017ce okre\u015blono in aczej, wszystkie odniesienia do Unii Europejskiej zawarte w niniejszym dokumencie maj\u0105 zastosowanie do wszystkich obecnych pa\u0144stw cz\u0142onkowskich Unii Europejskiej i Europejskiego Obszaru Gospodarczego.<\/p>\n<h4>Cookie<\/h4>\n<p>Cookie to narz\u0119dzia \u015bledzenia, kt\u00f3re sk\u0142adaj\u0105 si\u0119 z niewielkich porcji danych przechowywanych w przegl\u0105darce u\u017cytkownika.<\/p>\n<h4>Narz\u0119dzie \u015bledzenia<\/h4>\n<p>Termin &#8222;narz\u0119dzie \u015bledzenia&#8221; oznacza wszelk\u0105 technologi\u0119 &#8211; np. pliki cookie, unikalne identyfikatory, web beacons, skrypty wbudowane, e-tagi i fingerprinting &#8211; kt\u00f3ra umo\u017cliwia \u015bledzenie u\u017cytkownik\u00f3w, na przyk\u0142ad zbieraj\u0105c lub zapisuj\u0105c informacje na urz\u0105dzeniu u\u017cytkownika.<\/p>\n<h4>Odno\u015bniki prawne<\/h4>\n<p>Ta polityka prywatno\u015bci zosta\u0142a opracowana na podstawie wielu przepis\u00f3w prawnych, w tym art. 13 i 14 Rozporz\u0105dzenia (UE) 2016\/679.<\/p>\n<p>O ile nie okre\u015blono inaczej, niniejsza polityka prywatno\u015bci dotyczy wy\u0142\u0105cznie tej strony internetowej.<\/p>\n<p> Ostatnia aktualizacja: 9 czerwca 2022 <\/p>\n<p> <a target=\"_top\" href=\"https:\/\/www.iubenda.com\/it\/generatore-di-privacy-e-cookie-policy\" title=\"iubenda - generatore di Privacy Policy\" rel=\"noopener nofollow\">iubenda<\/a> hostuje t\u0119 zawarto\u015b\u0107 i gromadzi tylko <a target=\"_top\" href=\"\/\/www.iubenda.com\/privacy-policy\/19418041\" rel=\"noopener\">Dane osobowe \u015bci\u015ble niezb\u0119dne<\/a> do jej \u015bwiadczenia. <\/p>\n","protected":false},"excerpt":{"rendered":"<p>Polityka prywatno\u015bci orasivegetale.it Witryna internetowa zbiera niekt\u00f3re dane osobowe swoich u\u017cytkownik\u00f3w. Ten dokument mo\u017cna wydrukowa\u0107, korzystaj\u0105c z polecenia drukowania dost\u0119pnego w ustawieniach dowolnej przegl\u0105darki. Administrator danych UNIGR\u00c0 SRL &#8211; via Gardizza 9\/b, 48017 Conselice (RA), W\u0142ochy Adres e-mail administratora: info@orasivegetale.it Rodzaje danych zbieranych W\u015br\u00f3d danych osobowych zbieranych przez t\u0119 witryn\u0119, samodzielnie lub za pomoc\u0105 stron [&hellip;]<\/p>\n","protected":false},"author":1,"featured_media":0,"parent":0,"menu_order":0,"comment_status":"closed","ping_status":"closed","template":"templates\/privacy-policy.php","meta":{"_acf_changed":false,"footnotes":""},"class_list":["post-6381","page","type-page","status-publish","hentry"],"acf":[],"_links":{"self":[{"href":"https:\/\/orasivegetale.com\/pl\/wp-json\/wp\/v2\/pages\/6381","targetHints":{"allow":["GET"]}}],"collection":[{"href":"https:\/\/orasivegetale.com\/pl\/wp-json\/wp\/v2\/pages"}],"about":[{"href":"https:\/\/orasivegetale.com\/pl\/wp-json\/wp\/v2\/types\/page"}],"author":[{"embeddable":true,"href":"https:\/\/orasivegetale.com\/pl\/wp-json\/wp\/v2\/users\/1"}],"replies":[{"embeddable":true,"href":"https:\/\/orasivegetale.com\/pl\/wp-json\/wp\/v2\/comments?post=6381"}],"version-history":[{"count":2,"href":"https:\/\/orasivegetale.com\/pl\/wp-json\/wp\/v2\/pages\/6381\/revisions"}],"predecessor-version":[{"id":7199,"href":"https:\/\/orasivegetale.com\/pl\/wp-json\/wp\/v2\/pages\/6381\/revisions\/7199"}],"wp:attachment":[{"href":"https:\/\/orasivegetale.com\/pl\/wp-json\/wp\/v2\/media?parent=6381"}],"curies":[{"name":"wp","href":"https:\/\/api.w.org\/{rel}","templated":true}]}}